{"id":1049,"date":"2024-03-27T19:00:24","date_gmt":"2024-03-27T19:00:24","guid":{"rendered":"https:\/\/dramactual.com\/?page_id=1049"},"modified":"2025-02-25T18:43:57","modified_gmt":"2025-02-25T18:43:57","slug":"cerca-del-mar","status":"publish","type":"page","link":"https:\/\/dramactual.com\/?page_id=1049","title":{"rendered":"Cerca del mar"},"content":{"rendered":"\n<div class=\"wp-block-columns is-layout-flex wp-container-core-columns-is-layout-9d6595d7 wp-block-columns-is-layout-flex\">\n<div class=\"wp-block-column is-layout-flow wp-block-column-is-layout-flow\" style=\"flex-basis:25%\">\n<figure class=\"wp-block-image size-full is-resized\"><img fetchpriority=\"high\" decoding=\"async\" width=\"2180\" height=\"2559\" src=\"https:\/\/dramactual.com\/wp-content\/uploads\/2024\/03\/RV.jpg\" alt=\"\" class=\"wp-image-1051\" style=\"width:450px\" srcset=\"https:\/\/dramactual.com\/wp-content\/uploads\/2024\/03\/RV.jpg 2180w, https:\/\/dramactual.com\/wp-content\/uploads\/2024\/03\/RV-256x300.jpg 256w, https:\/\/dramactual.com\/wp-content\/uploads\/2024\/03\/RV-872x1024.jpg 872w, https:\/\/dramactual.com\/wp-content\/uploads\/2024\/03\/RV-768x902.jpg 768w, https:\/\/dramactual.com\/wp-content\/uploads\/2024\/03\/RV-1309x1536.jpg 1309w, https:\/\/dramactual.com\/wp-content\/uploads\/2024\/03\/RV-1745x2048.jpg 1745w, https:\/\/dramactual.com\/wp-content\/uploads\/2024\/03\/RV-816x958.jpg 816w\" sizes=\"(max-width: 2180px) 100vw, 2180px\" \/><\/figure>\n\n\n\n<div class=\"wp-block-columns is-layout-flex wp-container-core-columns-is-layout-9d6595d7 wp-block-columns-is-layout-flex\">\n<div class=\"wp-block-column is-layout-flow wp-block-column-is-layout-flow\">\n<figure class=\"wp-block-image size-full\"><img decoding=\"async\" width=\"2105\" height=\"2560\" src=\"https:\/\/dramactual.com\/wp-content\/uploads\/2024\/03\/Salva-Artesero3-scaled.jpg\" alt=\"\" class=\"wp-image-1202\" srcset=\"https:\/\/dramactual.com\/wp-content\/uploads\/2024\/03\/Salva-Artesero3-scaled.jpg 2105w, https:\/\/dramactual.com\/wp-content\/uploads\/2024\/03\/Salva-Artesero3-247x300.jpg 247w, https:\/\/dramactual.com\/wp-content\/uploads\/2024\/03\/Salva-Artesero3-842x1024.jpg 842w, https:\/\/dramactual.com\/wp-content\/uploads\/2024\/03\/Salva-Artesero3-768x934.jpg 768w, https:\/\/dramactual.com\/wp-content\/uploads\/2024\/03\/Salva-Artesero3-1263x1536.jpg 1263w, https:\/\/dramactual.com\/wp-content\/uploads\/2024\/03\/Salva-Artesero3-1684x2048.jpg 1684w, https:\/\/dramactual.com\/wp-content\/uploads\/2024\/03\/Salva-Artesero3-816x992.jpg 816w\" sizes=\"(max-width: 2105px) 100vw, 2105px\" \/><\/figure>\n\n\n\n<p class=\"has-text-align-center\" style=\"font-size:14px\">Salva Artesero<\/p>\n<\/div>\n\n\n\n<div class=\"wp-block-column is-layout-flow wp-block-column-is-layout-flow\">\n<figure class=\"wp-block-image size-large\"><img decoding=\"async\" width=\"842\" height=\"1024\" src=\"https:\/\/dramactual.com\/wp-content\/uploads\/2024\/03\/6_-Foto-Jose-Ramon-para-Cerca-del-mar-842x1024.jpg\" alt=\"\" class=\"wp-image-1203\" srcset=\"https:\/\/dramactual.com\/wp-content\/uploads\/2024\/03\/6_-Foto-Jose-Ramon-para-Cerca-del-mar-842x1024.jpg 842w, https:\/\/dramactual.com\/wp-content\/uploads\/2024\/03\/6_-Foto-Jose-Ramon-para-Cerca-del-mar-247x300.jpg 247w, https:\/\/dramactual.com\/wp-content\/uploads\/2024\/03\/6_-Foto-Jose-Ramon-para-Cerca-del-mar-768x934.jpg 768w, https:\/\/dramactual.com\/wp-content\/uploads\/2024\/03\/6_-Foto-Jose-Ramon-para-Cerca-del-mar-1263x1536.jpg 1263w, https:\/\/dramactual.com\/wp-content\/uploads\/2024\/03\/6_-Foto-Jose-Ramon-para-Cerca-del-mar-1684x2048.jpg 1684w, https:\/\/dramactual.com\/wp-content\/uploads\/2024\/03\/6_-Foto-Jose-Ramon-para-Cerca-del-mar-816x992.jpg 816w\" sizes=\"(max-width: 842px) 100vw, 842px\" \/><\/figure>\n\n\n\n<p class=\"has-text-align-center\" style=\"font-size:14px\">Jos\u00e9 Ram\u00f3n Fern\u00e1ndez<\/p>\n<\/div>\n<\/div>\n<\/div>\n\n\n\n<div class=\"wp-block-column is-layout-constrained wp-block-column-is-layout-constrained\" style=\"border-style:none;border-width:0px;flex-basis:250px\">\n<p style=\"font-size:14px\"><strong>Autor\u00eda e interpretaci\u00f3n<\/strong><br>Ruth Vilar<\/p>\n\n\n\n<p style=\"font-size:14px\"><strong>Puesta en escena<\/strong><br>Salva Artesero<\/p>\n\n\n\n<p style=\"font-size:14px\"><strong>Tras la lectura, Ruth Vilar conversa sobre su obra con el escritor Jos\u00e9 Ram\u00f3n Fern\u00e1ndez<\/strong><\/p>\n\n\n\n<p style=\"font-size:14px\"><strong>Obra teatral publicada en<\/strong><br>Editorial <a href=\"http:\/\/oidaeditorial.com\/index.php\/publicaciones\/cerca-del-mar-de-ruth-vilar-audiolibro\/\" target=\"_blank\" rel=\"noreferrer noopener\">Oid\u00e0 Editorial<\/a>, 2023<\/p>\n\n\n\n<div class=\"wp-block-group\" style=\"border-radius:0px;padding-top:0;padding-right:0;padding-bottom:0;padding-left:0\"><div class=\"wp-block-group__inner-container is-layout-constrained wp-container-core-group-is-layout-f129d0b4 wp-block-group-is-layout-constrained\"><\/div><\/div>\n<\/div>\n\n\n\n<div class=\"wp-block-column is-layout-flow wp-block-column-is-layout-flow\" style=\"border-style:none;border-width:0px;padding-top:0rem;padding-right:0rem;padding-bottom:0rem;padding-left:0rem;flex-basis:400px\">\n<p style=\"font-size:14px\"><strong>SINOPSIS<\/strong><\/p>\n\n\n\n<p style=\"font-size:14px\">La joven Irene habla. Se dirige a diferentes personas. El curso de su vida depende de ellas. Con cada uno de estos breves intercambios de palabras nos ofrece una porci\u00f3n min\u00fascula de su dolor. <em>Cerca del mar <\/em>es la sucesi\u00f3n de estos mon\u00f3logos sobrios, valientes y sensibles. A trav\u00e9s de ellos, adivinamos la tragedia inminente y asistimos a sus consecuencias.<\/p>\n\n\n\n<p style=\"font-size:14px\">Cerca del mar parte de un caso real que ocurri\u00f3 a principios del siglo XX. Ruth Vilar, autora y actriz de la pieza, dedico dos a\u00f1os a localizar y consultar todas las fuentes documentales disponibles. La elaboraci\u00f3n textual se centra en la cara humana y vulnerable de los personajes y da cuenta de las implicaciones sociales de un drama que todav\u00eda es demasiado com\u00fan: la violencia extrema en el seno de la familia.<\/p>\n\n\n\n<p style=\"font-size:14px\">El proyecto recibi\u00f3 el segundo Premi Dau 2021, convocado por el teatro Dau al Sec de Barcelona.<\/p>\n\n\n\n<p style=\"font-size:14px\"><strong>RUTH VILAR<\/strong><\/p>\n\n\n\n<p style=\"font-size:14px\">Escritora, directora teatral y actriz. Cofundadora de la compa\u00f1\u00eda Cos de Lletra, con la que ha estrenado buena parte de su obra, y tambi\u00e9n de Oid\u00e0 Editorial. Estudi\u00f3 Arte Dram\u00e1tico en el Institut del Teatre de Barcelona y curs\u00f3 un m\u00e1ster de Creaci\u00f3n Literaria en la Universidad Pompeu Fabra.<\/p>\n\n\n\n<p style=\"font-size:14px\">Es autora de m\u00e1s de veinte textos dram\u00e1ticos, entre los que destacan <em>Cerca del mar<\/em>,<em> Las \u00e1vidas ra\u00edces<\/em>, <em>La puerta blindada<\/em>, <em>Objetos punzantes<\/em>, <em>Esa manzana amarga<\/em>, <em>Potrero<\/em>, <em>Les l\u00ednies imagin\u00e0ries, Cinc vares de terra<\/em>, <em>La tr\u00e0gica mort de la barbuda<\/em> y <em>L\u2019espeda\u00e7ament<\/em>. Su producci\u00f3n infantil y juvenil comprende obras pol\u00edticas como <em>7 parells de peus, La pedra a trossos<\/em>, <em>Don Quehar\u00e9<\/em> y <em>Teatro sobre plano<\/em>. Ha participado en numerosos vol\u00famenes colectivos con piezas breves como <em>Alegr\u00eda<\/em>, <em>Una certera espada<\/em>, <em>Kiruna<\/em> y <em>Prohibido leer teatro<\/em>.<\/p>\n\n\n\n<p style=\"font-size:14px\">Coautora de <em>Joan Castells: El valor hum\u00e0 del teatre<\/em>, autora del pr\u00f3logo al <em>Teatro Unido<\/em> de Jos\u00e9 Sanchis Sinisterra, traductora de <em>Temps<\/em> <em>real<\/em> de Albert Mestres y colaboradora de revistas especializadas como <em>Primer Acto<\/em>. Firma la direcci\u00f3n y la dramaturgia de los espect\u00e1culos de Cos de Lletra, tanto de sus propias obras como de los montajes a partir de textos de otros autores: <em>Los ni\u00f1os tontos <\/em>de Ana Mar\u00eda Matute, <em>Ma\u00f1ana, ma\u00f1ana<\/em> de Federico Garc\u00eda Lorca, <em>Diari d\u2019un mestre adolescent<\/em> de Joan Triad\u00fa y <em>La cua del parad\u00eds<\/em> de Pere Calders.<\/p>\n\n\n\n<p style=\"font-size:14px\">Escribe narrativa y ensayo, con especial atenci\u00f3n al art\u00edculo literario, que publica en <em>Las u\u00f1as negras<\/em> bajo el seud\u00f3nimo de Pepa Pertejo.<\/p>\n\n\n\n<p style=\"font-size:14px\"><strong>SALVA ARTESERO<\/strong><\/p>\n\n\n\n<p style=\"font-size:14px\">Actor y director teatral. Estudi\u00f3 Arte Dram\u00e1tico en el Institut del Teatre de Barcelona y particip\u00f3 en los cursos internacionales Prima di Teatro (San Miniato, Pisa. 2002). Cofundador, con Ruth Vilar, de Cos de Lletra, compa\u00f1\u00eda con la que ha cocreado, interpretado o dirigido cerca de veinte espect\u00e1culos, recitales y lecturas dramatizadas en los \u00faltimos 17 a\u00f1os, entre los que destacan <em>7 parells de peus<\/em>, C<em>erca del mar<\/em>, <em>Las \u00e1vidas ra\u00edces<\/em>, <em>La puerta blindada<\/em>, <em>Los ni\u00f1os tontos<\/em>, <em>La cua del parad\u00eds<\/em> y <em>Diari d&#8217;un mestre adolescent<\/em>. En 2023 ambos lanzaron Oid\u00e0 Editorial, sello independiente de literatura dram\u00e1tica contempor\u00e1nea en formatos digitales con distribuci\u00f3n mundial.<\/p>\n\n\n\n<p style=\"font-size:14px\">Adem\u00e1s, ha participado en los montajes teatrales: <em>Push-up 1-3<\/em> de Roland Schimmelpfennig y <em>Atemptats contra la seva vida<\/em> de Martin Crimp; as\u00ed como en <em>Un ram de mar<\/em> de Joaquim Ruyra y <em>Vides de tants<\/em> de Albert Mestres, dirigidas por Joan Castells. Tiene experiencia en televisi\u00f3n (<em>El cor de la ciutat<\/em>, <em>TVC<\/em>, 2006-2009) y radio (<em>Veus<\/em>, 2007-2013). Es especialista en lectura expresiva en voz alta, tanto en castellano como en catal\u00e1n.<\/p>\n\n\n\n<p style=\"font-size:14px\">Coautor del libro <em>Joan Castells: El valor hum\u00e0 del teatre<\/em> (Institut del Teatre, 2020).<\/p>\n\n\n\n<p style=\"font-size:14px\"><\/p>\n<\/div>\n\n\n\n<div class=\"wp-block-column is-layout-flow wp-block-column-is-layout-flow\" style=\"flex-basis:400px\">\n<p style=\"padding-top:0;padding-right:0;padding-bottom:0;padding-left:0;font-size:14px\"><strong>JOS\u00c9 RAM\u00d3N FERN\u00c1NDEZ <\/strong><\/p>\n\n\n\n<p style=\"padding-top:0;padding-right:0;padding-bottom:0;padding-left:0;font-size:14px\">En 1993 recibi\u00f3 el Premio Calder\u00f3n de la Barca por su obra <em>Para quemar la memoria<\/em> y en 1998 fue finalista del Premio Tirso de Molina por <em>La tierra<\/em>. En 2003 recibi\u00f3 el Premio Lope de Vega por <em>Nina<\/em>.<\/p>\n\n\n\n<p style=\"padding-top:0;padding-right:0;padding-bottom:0;padding-left:0;font-size:14px\">En 2011 obtuvo el Premio Nacional de Literatura Dram\u00e1tica por <em>La colmena cient\u00edfica o El caf\u00e9 de Negr\u00edn<\/em>.<\/p>\n\n\n\n<p style=\"padding-top:0;padding-right:0;padding-bottom:0;padding-left:0;font-size:14px\">Ha estrenado m\u00e1s de cuarenta de obras, bien escritas en solitario, bien como trabajos dramat\u00fargicos colectivos; la primera pieza de la <em>Trilog\u00eda de la juventud<\/em> (con Yolanda Pall\u00edn y Javier G. Yag\u00fce, publicada en la colecci\u00f3n Letras Hisp\u00e1nicas, C\u00e1tedra, 2019), <em>Las manos<\/em>, recibi\u00f3, entre otros, el Premio Ojo Cr\u00edtico y el Premio Max 2002 al mejor texto en castellano.<\/p>\n\n\n\n<p style=\"padding-top:0;padding-right:0;padding-bottom:0;padding-left:0;font-size:14px\">Sus obras han sido traducidas al ingl\u00e9s, franc\u00e9s, italiano, portugu\u00e9s, \u00e1rabe, polaco, rumano, griego, serbio, h\u00fangaro y japon\u00e9s.<\/p>\n\n\n\n<p style=\"padding-top:0;padding-right:0;padding-bottom:0;padding-left:0;font-size:14px\">En 2023 ha publicado una selecci\u00f3n con catorce de sus obras, <em>Tarjeta de visita<\/em>, (Editorial Punto de Vista).<\/p>\n\n\n\n<p style=\"padding-top:0;padding-right:0;padding-bottom:0;padding-left:0;font-size:14px\">Ha realizado una veintena de versiones o adaptaciones de textos ajenos, desde S\u00f3focles, Moli\u00e8re o Beumarchais a Valle-Incl\u00e1n, Llamazares o Max Aub. Por su adaptaci\u00f3n de <em>El laberinto m\u00e1gico<\/em> de Max Aub recibi\u00f3 el Premio Max 2017. En 2023 ha estrenado en Bilbao la adaptaci\u00f3n de <em>La lucha por la vida<\/em>, de P\u00edo Baroja, que se ver\u00e1 en 2024 en el Teatro Espa\u00f1ol de Madrid.<\/p>\n\n\n\n<p style=\"padding-top:0;padding-right:0;padding-bottom:0;padding-left:0;font-size:14px\">En narrativa, ha publicado <em>Un dedo con un anillo de cuero<\/em> (2011) y <em>Emilia, borriquita<\/em> (2021)<\/p>\n\n\n\n<p style=\"padding-top:0;padding-right:0;padding-bottom:0;padding-left:0;font-size:14px\">En 2023 ha estrenado como guionista el documental de Luc\u00eda \u00c1lvarez <em>La espada de Mouruas <\/em>y en 2024 acaba de ver llevada al cine <em>Nina, <\/em>con guion basado en su obra y direcci\u00f3n de Andrea Jaurrieta. La pel\u00edcula ha obtenido el premio de la cr\u00edtica del Festival de M\u00e1laga. Es Licenciado en Filolog\u00eda Hisp\u00e1nica por la Universidad Complutense de Madrid. Trabaja como redactor para el CDAEM del Ministerio de Cultura de Espa\u00f1a. Ha impartido clases de escritura dram\u00e1tica en diversas instituciones, en especial el Laboratorio William Layton.<\/p>\n\n\n\n<p style=\"padding-top:0;padding-right:0;padding-bottom:0;padding-left:0;font-size:14px\"><strong>OID\u00c0 EDITORIAL <\/strong><\/p>\n\n\n\n<p style=\"font-size:14px\">Sello independiente de edici\u00f3n digital, nace con el prop\u00f3sito de acercar el libro teatral de autor\u00eda contempor\u00e1nea a oyentes y lectores de todo el mundo.&nbsp;Oid\u00e0, significa \u00abinterjecci\u00f3n, expresi\u00f3n de alegr\u00eda o sorpresa por un acontecimiento favorable\u00bb. El proyecto valora la naturaleza esc\u00e9nica, presencial, ef\u00edmera y misteriosa de ese acontecimiento compartido que es el teatro.<\/p>\n\n\n\n<figure class=\"wp-block-image size-full is-resized\"><img loading=\"lazy\" decoding=\"async\" width=\"500\" height=\"500\" src=\"https:\/\/dramactual.com\/wp-content\/uploads\/2024\/03\/OIDAEd.png\" alt=\"\" class=\"wp-image-1053\" style=\"width:293px;height:293px\" srcset=\"https:\/\/dramactual.com\/wp-content\/uploads\/2024\/03\/OIDAEd.png 500w, https:\/\/dramactual.com\/wp-content\/uploads\/2024\/03\/OIDAEd-300x300.png 300w, https:\/\/dramactual.com\/wp-content\/uploads\/2024\/03\/OIDAEd-150x150.png 150w, https:\/\/dramactual.com\/wp-content\/uploads\/2024\/03\/OIDAEd-88x88.png 88w\" sizes=\"(max-width: 500px) 100vw, 500px\" \/><\/figure>\n<\/div>\n<\/div>\n","protected":false},"excerpt":{"rendered":"<p>Salva Artesero Jos\u00e9 Ram\u00f3n Fern\u00e1ndez Autor\u00eda e interpretaci\u00f3nRuth Vilar Puesta en escenaSalva Artesero Tras la lectura, Ruth Vilar conversa sobre su obra con el escritor Jos\u00e9 Ram\u00f3n Fern\u00e1ndez Obra teatral publicada enEditorial Oid\u00e0 Editorial, 2023 SINOPSIS La joven Irene habla. Se dirige a diferentes personas. El curso de su vida depende de ellas. Con cada [&hellip;]<\/p>\n","protected":false},"author":1,"featured_media":0,"parent":0,"menu_order":0,"comment_status":"closed","ping_status":"closed","template":"template-page-builder-no-sidebar.php","meta":{"footnotes":""},"class_list":["post-1049","page","type-page","status-publish","hentry"],"_links":{"self":[{"href":"https:\/\/dramactual.com\/index.php?rest_route=\/wp\/v2\/pages\/1049","targetHints":{"allow":["GET"]}}],"collection":[{"href":"https:\/\/dramactual.com\/index.php?rest_route=\/wp\/v2\/pages"}],"about":[{"href":"https:\/\/dramactual.com\/index.php?rest_route=\/wp\/v2\/types\/page"}],"author":[{"embeddable":true,"href":"https:\/\/dramactual.com\/index.php?rest_route=\/wp\/v2\/users\/1"}],"replies":[{"embeddable":true,"href":"https:\/\/dramactual.com\/index.php?rest_route=%2Fwp%2Fv2%2Fcomments&post=1049"}],"version-history":[{"count":38,"href":"https:\/\/dramactual.com\/index.php?rest_route=\/wp\/v2\/pages\/1049\/revisions"}],"predecessor-version":[{"id":2425,"href":"https:\/\/dramactual.com\/index.php?rest_route=\/wp\/v2\/pages\/1049\/revisions\/2425"}],"wp:attachment":[{"href":"https:\/\/dramactual.com\/index.php?rest_route=%2Fwp%2Fv2%2Fmedia&parent=1049"}],"curies":[{"name":"wp","href":"https:\/\/api.w.org\/{rel}","templated":true}]}}